{"id":28,"date":"2022-05-09T14:20:00","date_gmt":"2022-05-09T12:20:00","guid":{"rendered":"https:\/\/ubud-vincennes.fr\/?page_id=28"},"modified":"2025-07-28T22:26:22","modified_gmt":"2025-07-28T20:26:22","slug":"about-us-2","status":"publish","type":"page","link":"https:\/\/ubud-vincennes.fr\/index.php\/about-us-2\/","title":{"rendered":"About us"},"content":{"rendered":"\t\t<div data-elementor-type=\"wp-post\" data-elementor-id=\"28\" class=\"elementor elementor-28\">\n\t\t\t\t\t\t<section class=\"elementor-section elementor-top-section elementor-element elementor-element-3a3ac55 elementor-section-boxed elementor-section-height-default elementor-section-height-default\" data-id=\"3a3ac55\" data-element_type=\"section\" data-e-type=\"section\">\n\t\t\t\t\t\t<div class=\"elementor-container elementor-column-gap-default\">\n\t\t\t\t\t<div class=\"elementor-column elementor-col-100 elementor-top-column elementor-element elementor-element-b11ef46\" data-id=\"b11ef46\" data-element_type=\"column\" data-e-type=\"column\">\n\t\t\t<div class=\"elementor-widget-wrap elementor-element-populated\">\n\t\t\t\t\t\t<div class=\"elementor-element elementor-element-23c2b3c elementor-widget elementor-widget-heading\" data-id=\"23c2b3c\" data-element_type=\"widget\" data-e-type=\"widget\" data-widget_type=\"heading.default\">\n\t\t\t\t<div class=\"elementor-widget-container\">\n\t\t\t\t\t<h2 class=\"elementor-heading-title elementor-size-default\">Notre histoire..<\/h2>\t\t\t\t<\/div>\n\t\t\t\t<\/div>\n\t\t\t\t<section class=\"elementor-section elementor-inner-section elementor-element elementor-element-c53e2dd elementor-section-boxed elementor-section-height-default elementor-section-height-default\" data-id=\"c53e2dd\" data-element_type=\"section\" data-e-type=\"section\">\n\t\t\t\t\t\t<div class=\"elementor-container elementor-column-gap-default\">\n\t\t\t\t\t<div class=\"elementor-column elementor-col-100 elementor-inner-column elementor-element elementor-element-19ee020\" data-id=\"19ee020\" data-element_type=\"column\" data-e-type=\"column\">\n\t\t\t<div class=\"elementor-widget-wrap\">\n\t\t\t\t\t\t\t<\/div>\n\t\t<\/div>\n\t\t\t\t\t<\/div>\n\t\t<\/section>\n\t\t\t\t<div class=\"elementor-element elementor-element-aa5e5b7 elementor-widget elementor-widget-text-editor\" data-id=\"aa5e5b7\" data-element_type=\"widget\" data-e-type=\"widget\" data-widget_type=\"text-editor.default\">\n\t\t\t\t<div class=\"elementor-widget-container\">\n\t\t\t\t\t\t\t\t\t<div>Notre histoire..<\/div><div>Le restaurant Ubud a \u00e9t\u00e9 cr\u00e9\u00e9 a Vincennes en 2018 par une famille d origine cambodgienne khmer passionn\u00e9e\u00a0 de la gastronomie asiatique et restaurateurs depuis 2001. le\u00a0 Restaurant a \u00e9t\u00e9 imagin\u00e9 suite \u00e0 plusieurs voyages en INDON\u00c9SIE,\u00a0 Java, lombok, SUlawesie, et surtout \u00e0 Bali, tomb\u00e9s Sous le charme de la r\u00e9gion d ubud et de ses restaurants, nous avons voulu faire d\u00e9couvrir\u00a0 les meilleures recettes apprises sur place par les chefs de nos restaurants pr\u00e9f\u00e9r\u00e9s. Puis nous avons lors de nos diff\u00e9rents voyages et rencontres voulu compl\u00e9ter notre carte de quelques plats favoris de nos formations a Saigon,\u00a0 et Bangkok et d ailleurs. Nous esp\u00e9rons que nos differentes recettes, preparees exclusivement sur place a base de produits frais, accompagn\u00e9es de bons vins, dans notre ambiance de salle cosy\u00a0 puisse vous permettre de passer un agr\u00e9able moment de d\u00e9gustation et de convivialit\u00e9 dans notre \u00e9tablissement.<\/div>\t\t\t\t\t\t\t\t<\/div>\n\t\t\t\t<\/div>\n\t\t\t\t<div class=\"elementor-element elementor-element-0950fb0 elementor-widget elementor-widget-image\" data-id=\"0950fb0\" data-element_type=\"widget\" data-e-type=\"widget\" data-widget_type=\"image.default\">\n\t\t\t\t<div class=\"elementor-widget-container\">\n\t\t\t\t\t\t\t\t\t\t\t\t\t\t\t<img fetchpriority=\"high\" decoding=\"async\" width=\"819\" height=\"1024\" src=\"https:\/\/ubud-vincennes.fr\/wp-content\/uploads\/2022\/05\/radoslav-bali-umfRZ2Hb1OM-unsplash-819x1024.jpg\" class=\"attachment-large size-large wp-image-33\" alt=\"\" srcset=\"https:\/\/ubud-vincennes.fr\/wp-content\/uploads\/2022\/05\/radoslav-bali-umfRZ2Hb1OM-unsplash-819x1024.jpg 819w, https:\/\/ubud-vincennes.fr\/wp-content\/uploads\/2022\/05\/radoslav-bali-umfRZ2Hb1OM-unsplash-240x300.jpg 240w, https:\/\/ubud-vincennes.fr\/wp-content\/uploads\/2022\/05\/radoslav-bali-umfRZ2Hb1OM-unsplash-768x960.jpg 768w, https:\/\/ubud-vincennes.fr\/wp-content\/uploads\/2022\/05\/radoslav-bali-umfRZ2Hb1OM-unsplash-1229x1536.jpg 1229w, https:\/\/ubud-vincennes.fr\/wp-content\/uploads\/2022\/05\/radoslav-bali-umfRZ2Hb1OM-unsplash-1638x2048.jpg 1638w, https:\/\/ubud-vincennes.fr\/wp-content\/uploads\/2022\/05\/radoslav-bali-umfRZ2Hb1OM-unsplash-scaled.jpg 2048w\" sizes=\"(max-width: 819px) 100vw, 819px\" \/>\t\t\t\t\t\t\t\t\t\t\t\t\t\t\t<\/div>\n\t\t\t\t<\/div>\n\t\t\t\t<div class=\"elementor-element elementor-element-35c6122 elementor-widget elementor-widget-heading\" data-id=\"35c6122\" data-element_type=\"widget\" data-e-type=\"widget\" data-widget_type=\"heading.default\">\n\t\t\t\t<div class=\"elementor-widget-container\">\n\t\t\t\t\t<h2 class=\"elementor-heading-title elementor-size-default\">Modern Balinese\/ Tha\u00ef : <br><br>fermeture de cong\u00e9 du 29 juillet 2025 au 28 ao\u00fbt 2025 inclus <\/h2>\t\t\t\t<\/div>\n\t\t\t\t<\/div>\n\t\t\t\t\t<\/div>\n\t\t<\/div>\n\t\t\t\t\t<\/div>\n\t\t<\/section>\n\t\t\t\t<\/div>\n\t\t","protected":false},"excerpt":{"rendered":"<p>Notre histoire.. Notre histoire..Le restaurant Ubud a \u00e9t\u00e9 cr\u00e9\u00e9 a Vincennes en 2018 par une famille d origine cambodgienne khmer passionn\u00e9e\u00a0 de la gastronomie asiatique et restaurateurs depuis 2001. le\u00a0 Restaurant a \u00e9t\u00e9 imagin\u00e9 suite \u00e0 plusieurs voyages en INDON\u00c9SIE,\u00a0 Java, lombok, SUlawesie, et surtout&nbsp;<a class=\"read-more\" href=\"https:\/\/ubud-vincennes.fr\/index.php\/about-us-2\/\">&hellip;<\/a><\/p>\n","protected":false},"author":1,"featured_media":0,"parent":0,"menu_order":0,"comment_status":"closed","ping_status":"closed","template":"","meta":{"footnotes":""},"class_list":["post-28","page","type-page","status-publish","hentry"],"_links":{"self":[{"href":"https:\/\/ubud-vincennes.fr\/index.php\/wp-json\/wp\/v2\/pages\/28","targetHints":{"allow":["GET"]}}],"collection":[{"href":"https:\/\/ubud-vincennes.fr\/index.php\/wp-json\/wp\/v2\/pages"}],"about":[{"href":"https:\/\/ubud-vincennes.fr\/index.php\/wp-json\/wp\/v2\/types\/page"}],"author":[{"embeddable":true,"href":"https:\/\/ubud-vincennes.fr\/index.php\/wp-json\/wp\/v2\/users\/1"}],"replies":[{"embeddable":true,"href":"https:\/\/ubud-vincennes.fr\/index.php\/wp-json\/wp\/v2\/comments?post=28"}],"version-history":[{"count":29,"href":"https:\/\/ubud-vincennes.fr\/index.php\/wp-json\/wp\/v2\/pages\/28\/revisions"}],"predecessor-version":[{"id":236,"href":"https:\/\/ubud-vincennes.fr\/index.php\/wp-json\/wp\/v2\/pages\/28\/revisions\/236"}],"wp:attachment":[{"href":"https:\/\/ubud-vincennes.fr\/index.php\/wp-json\/wp\/v2\/media?parent=28"}],"curies":[{"name":"wp","href":"https:\/\/api.w.org\/{rel}","templated":true}]}}